{"id":2087,"date":"2024-02-15T10:32:07","date_gmt":"2024-02-15T09:32:07","guid":{"rendered":"https:\/\/www.le-mont-saint-michel.com?page_id=2087"},"modified":"2024-03-20T22:38:06","modified_gmt":"2024-03-20T21:38:06","slug":"to-be-contacted-again","status":"publish","type":"page","link":"https:\/\/www.le-mont-saint-michel.com\/en\/to-be-contacted-again\/","title":{"rendered":"To be contacted again"},"content":{"rendered":"<section class=\"acf formulaire-de-contact\">\n    <div class=\"container-small\">\n\n\t\t\n\t\t\t<form action=\"\" method=\"post\" id=\"frm-contact_form_global\" data-action=\"form_contact_global\" data-recaptcha=\"6LfJcKEpAAAAALndoS-gR3L_QXgHTYFbdBs79LGx\">\n\t\t\t\t<td><input type=\"hidden\" name=\"page_from\" value=\"https:\/\/www.le-mont-saint-michel.com\/en\/wp-json\/wp\/v2\/pages\/2087\"><\/td>\n\t\t\t\t\t\t\t\t<div class=\"formulaire\">\n\t\t\t\t\t<div class=\"intro\">\n\t\t\t\t\t\t<p><\/p>\n\t\t\t\t\t\t<p>Fields marked with an asterisk (*) are required.<\/p>\n\t\t\t\t\t<\/div>\n\n\t\t\t\t\t<div class=\"surname-name\">\n\t\t\t\t\t\t<div class=\"surname form-input\">\n\t\t\t\t\t\t\t<th><label for=\"frm-contact_form_global-lastname\" class=\"required\">Last name*<\/label><\/th>\n\t\t\t\t\t\t\t<td><input type=\"text\" name=\"lastname\" autocomplete=\"off\" placeholder=\"Your last name\" id=\"frm-contact_form_global-lastname\" required data-nette-rules='[{\"op\":\":filled\",\"msg\":\"Please enter your last name\"}]' class=\"text\"><\/td>\n\t\t\t\t\t\t<\/div>\n\t\t\t\t\t\t<div class=\"name form-input\">\n\t\t\t\t\t\t\t<th><label for=\"frm-contact_form_global-firstname\">First name (optional)<\/label><\/th>\n\t\t\t\t\t\t\t<td><input type=\"text\" name=\"firstname\" autocomplete=\"off\" placeholder=\"Your first name\" id=\"frm-contact_form_global-firstname\" class=\"text\"><\/td>\n\t\t\t\t\t\t<\/div>\n\t\t\t\t\t<\/div>\n\n\t\t\t\t\t<div class=\"email-phone\">\n\t\t\t\t\t<div class=\"email form-input\">\n\t\t\t\t\t\t<th><label for=\"frm-contact_form_global-email\" class=\"required\">Email address*<\/label><\/th>\n\t\t\t\t\t\t<td><input type=\"email\" name=\"email\" autocomplete=\"off\" placeholder=\"Your email address\" id=\"frm-contact_form_global-email\" required data-nette-rules='[{\"op\":\":filled\",\"msg\":\"Please enter your email address\"},{\"op\":\":email\",\"msg\":\"Please enter a valid email address.\"}]' class=\"text\"><\/td>\n\t\t\t\t\t<\/div>\n\n\t\t\t\t\t<div class=\"phone form-input\">\n\t\t\t\t\t\t<th><label for=\"frm-contact_form_global-phone\">Phone number (optional)<\/label><\/th>\n\t\t\t\t\t\t<td><input type=\"tel\" name=\"phone\" pattern=\"[0-9]{10}\" autocomplete=\"off\" placeholder=\"Your phone number\" id=\"frm-contact_form_global-phone\" data-nette-rules='[{\"op\":\":pattern\",\"msg\":\"invalid value\",\"arg\":\"[0-9]{10}\"}]'><\/td>\n\t\t\t\t\t<\/div>\n\t\t\t\t\t<\/div>\n\n\t\t\t\t\t<div class=\"societe form-input\">\n\t\t\t\t\t<th><label for=\"frm-contact_form_global-societe\">Company (optional)<\/label><\/th>\n\t\t\t\t\t<td><input type=\"text\" name=\"societe\" autocomplete=\"off\" placeholder=\"Your company\" id=\"frm-contact_form_global-societe\" class=\"text\"><\/td>\n\t\t\t\t\t<\/div>\n\n\t\t\t\t\t<div class=\"subject form-input\">\n\t\t\t\t\t<th><label for=\"frm-contact_form_global-subject\" class=\"required\">Subject*<\/label><\/th>\n\t\t\t\t\t<td><select name=\"subject\" placeholder=\"Your subject\" id=\"frm-contact_form_global-subject\" required data-nette-rules='[{\"op\":\":filled\",\"msg\":\"Please enter your Subject\"}]'><option value=\"\">Choose your reason<\/option><option value=\"Demande de r\u00e9servation ou renseignements \u00e0 H\u00f4tel Mercure\">Reservation request or inquiries at L&#8217;H\u00f4tel Mercure<\/option><option value=\"Demande de r\u00e9servation ou renseignements \u00e0 H\u00f4tel Gabriel\">Reservation request or inquiries at L&#8217;H\u00f4tel Gabriel<\/option><option value=\"Demande de r\u00e9servation ou renseignements \u00e0 H\u00f4tel Vert\">Reservation request or inquiries at L&#8217;H\u00f4tel Vert<\/option><option value=\"Demande de r\u00e9servation ou renseignements au Relais du Roy\">Reservation request or inquiries at Le Relais du Roy<\/option><option value=\"Demande de r\u00e9servation ou renseignements \u00e0 Auberge de la Baie\">Reservation request or inquiries at L&#8217;Auberge de la Baie<\/option><option value=\"Demande de r\u00e9servation ou renseignements au Pr\u00e9 Sal\u00e9\">Reservation request or inquiries at Le Pr\u00e9 Sal\u00e9<\/option><option value=\"Demande de r\u00e9servation ou renseignements \u00e0 La Salicorne\">Reservation request or inquiries at La Salicorne<\/option><option value=\"Accessibilit\u00e9 handicap\">Disability access<\/option><option value=\"Professionnels du tourisme\">Tourism professionals<\/option><option value=\"S\u00e9minaires, r\u00e9unions et journ\u00e9es d\u2019\u00e9tude\">Seminars, meetings, and study days<\/option><option value=\"Informations sur les acc\u00e8s\">Access information<\/option><option value=\"Autre\">Other<\/option><\/select><\/td>\n\t\t\t\t\t<\/div>\n\n\t\t\t\t\t<div class=\"message form-input\">\n\t\t\t\t\t<th><label for=\"frm-contact_form_global-message\" class=\"required\">Your message*<\/label><\/th>\n\t\t\t\t\t<td><textarea name=\"message\" autocomplete=\"off\" placeholder=\"Tell us about your request\" id=\"frm-contact_form_global-message\" required data-nette-rules='[{\"op\":\":filled\",\"msg\":\"Please enter your message\"}]'><\/textarea><\/td>\n\t\t\t\t\t<\/div>\n\n\t\t\t\t\t<div class=\"rgpd\">\n\t\t\t\t\t<td><label for=\"frm-contact_form_global-rgpd\"><input type=\"checkbox\" name=\"rgpd\" autocomplete=\"off\" id=\"frm-contact_form_global-rgpd\" required data-nette-rules='[{\"op\":\":filled\",\"msg\":\"Please tick this box\"}]'>I agree that Les Portes du Mont Saint Michel may use my information to contact me again.*<\/label><\/td>\n\t\t\t\t\t\t\t\t\t\t<\/div>\n\n\t\t\t\t\t<div class=\"send\">\n\t\t\t\t\t<td><button type=\"submit\" name=\"send\" class=\"btn button-primary button-primary-small button-primary-3  g-recaptcha\" data-sitekey=\"6LfJcKEpAAAAALndoS-gR3L_QXgHTYFbdBs79LGx\" data-callback=\"onSubmit\" data-action=\"contact_page\">Send your request<\/button><\/td>\n\t\t\t\t\t<div class=\"return\"><\/div>\n\t\t\t\t\t<\/div>\n\t\t\t\t<\/div>\n\t\t\t<input type=\"hidden\" name=\"_form_\" value=\"contact_form_global\">\n<\/form>\n\n\n\t\t\n    <\/div>\n<\/section>\n\n<script>\n\tfunction onSubmit(token) {\n\t\tdocument.getElementById(\"frm-contact_form_global\").submit()\n\t}\n<\/script>","protected":false},"excerpt":{"rendered":"","protected":false},"author":1,"featured_media":1764,"parent":0,"menu_order":0,"comment_status":"closed","ping_status":"closed","template":"","meta":{"_acf_changed":false,"footnotes":""},"class_list":["post-2087","page","type-page","status-publish","has-post-thumbnail","hentry"],"acf":[],"yoast_head":"<!-- This site is optimized with the Yoast SEO plugin v27.1.1 - https:\/\/yoast.com\/product\/yoast-seo-wordpress\/ -->\n<title>Be contacted again - The doors of Mont Saint-Michel<\/title>\n<meta name=\"description\" content=\"Ask to be contacted by Les Portes Du Mont Saint-Michel, a catering and accommodation group including campsite, and 2 to 4 star hotel offers.\" \/>\n<meta name=\"robots\" content=\"index, follow, max-snippet:-1, max-image-preview:large, max-video-preview:-1\" \/>\n<link rel=\"canonical\" href=\"https:\/\/www.le-mont-saint-michel.com\/en\/to-be-contacted-again\/\" \/>\n<meta property=\"og:locale\" content=\"en_US\" \/>\n<meta property=\"og:type\" content=\"article\" \/>\n<meta property=\"og:title\" content=\"Be contacted again - The doors of Mont Saint-Michel\" \/>\n<meta property=\"og:description\" content=\"Ask to be contacted by Les Portes Du Mont Saint-Michel, a catering and accommodation group including campsite, and 2 to 4 star hotel offers.\" \/>\n<meta property=\"og:url\" content=\"https:\/\/www.le-mont-saint-michel.com\/en\/to-be-contacted-again\/\" \/>\n<meta property=\"og:site_name\" content=\"Les portes du Mont Saint-Michel\" \/>\n<meta property=\"article:modified_time\" content=\"2024-03-20T21:38:06+00:00\" \/>\n<meta property=\"og:image\" content=\"https:\/\/www.le-mont-saint-michel.com\/app\/uploads\/2024\/02\/alexandre-debieve-kyhkwp3dnli-unsplash-scaled.jpg\" \/>\n\t<meta property=\"og:image:width\" content=\"1707\" \/>\n\t<meta property=\"og:image:height\" content=\"2560\" \/>\n\t<meta property=\"og:image:type\" content=\"image\/jpeg\" \/>\n<meta name=\"twitter:card\" content=\"summary_large_image\" \/>\n<script type=\"application\/ld+json\" class=\"yoast-schema-graph\">{\"@context\":\"https:\/\/schema.org\",\"@graph\":[{\"@type\":\"WebPage\",\"@id\":\"https:\/\/www.le-mont-saint-michel.com\/en\/to-be-contacted-again\/\",\"url\":\"https:\/\/www.le-mont-saint-michel.com\/en\/to-be-contacted-again\/\",\"name\":\"Be contacted again - The doors of Mont Saint-Michel\",\"isPartOf\":{\"@id\":\"https:\/\/www.le-mont-saint-michel.com\/en\/#website\"},\"primaryImageOfPage\":{\"@id\":\"https:\/\/www.le-mont-saint-michel.com\/en\/to-be-contacted-again\/#primaryimage\"},\"image\":{\"@id\":\"https:\/\/www.le-mont-saint-michel.com\/en\/to-be-contacted-again\/#primaryimage\"},\"thumbnailUrl\":\"https:\/\/www.le-mont-saint-michel.com\/app\/uploads\/2024\/02\/alexandre-debieve-kyhkwp3dnli-unsplash-scaled.jpg\",\"datePublished\":\"2024-02-15T09:32:07+00:00\",\"dateModified\":\"2024-03-20T21:38:06+00:00\",\"description\":\"Ask to be contacted by Les Portes Du Mont Saint-Michel, a catering and accommodation group including campsite, and 2 to 4 star hotel offers.\",\"breadcrumb\":{\"@id\":\"https:\/\/www.le-mont-saint-michel.com\/en\/to-be-contacted-again\/#breadcrumb\"},\"inLanguage\":\"en-US\",\"potentialAction\":[{\"@type\":\"ReadAction\",\"target\":[\"https:\/\/www.le-mont-saint-michel.com\/en\/to-be-contacted-again\/\"]}]},{\"@type\":\"ImageObject\",\"inLanguage\":\"en-US\",\"@id\":\"https:\/\/www.le-mont-saint-michel.com\/en\/to-be-contacted-again\/#primaryimage\",\"url\":\"https:\/\/www.le-mont-saint-michel.com\/app\/uploads\/2024\/02\/alexandre-debieve-kyhkwp3dnli-unsplash-scaled.jpg\",\"contentUrl\":\"https:\/\/www.le-mont-saint-michel.com\/app\/uploads\/2024\/02\/alexandre-debieve-kyhkwp3dnli-unsplash-scaled.jpg\",\"width\":1707,\"height\":2560,\"caption\":\"Alexandre Debieve Kyhkwp3dnli Unsplash\"},{\"@type\":\"BreadcrumbList\",\"@id\":\"https:\/\/www.le-mont-saint-michel.com\/en\/to-be-contacted-again\/#breadcrumb\",\"itemListElement\":[{\"@type\":\"ListItem\",\"position\":1,\"name\":\"Home\",\"item\":\"https:\/\/www.le-mont-saint-michel.com\/en\/\"},{\"@type\":\"ListItem\",\"position\":2,\"name\":\"To be contacted again\"}]},{\"@type\":\"WebSite\",\"@id\":\"https:\/\/www.le-mont-saint-michel.com\/en\/#website\",\"url\":\"https:\/\/www.le-mont-saint-michel.com\/en\/\",\"name\":\"Les portes du Mont Saint-Michel\",\"description\":\"L&#039;ecale merveilleuse\",\"potentialAction\":[{\"@type\":\"SearchAction\",\"target\":{\"@type\":\"EntryPoint\",\"urlTemplate\":\"https:\/\/www.le-mont-saint-michel.com\/en\/?s={search_term_string}\"},\"query-input\":{\"@type\":\"PropertyValueSpecification\",\"valueRequired\":true,\"valueName\":\"search_term_string\"}}],\"inLanguage\":\"en-US\"}]}<\/script>\n<!-- \/ Yoast SEO plugin. -->","yoast_head_json":{"title":"Be contacted again - The doors of Mont Saint-Michel","description":"Ask to be contacted by Les Portes Du Mont Saint-Michel, a catering and accommodation group including campsite, and 2 to 4 star hotel offers.","robots":{"index":"index","follow":"follow","max-snippet":"max-snippet:-1","max-image-preview":"max-image-preview:large","max-video-preview":"max-video-preview:-1"},"canonical":"https:\/\/www.le-mont-saint-michel.com\/en\/to-be-contacted-again\/","og_locale":"en_US","og_type":"article","og_title":"Be contacted again - The doors of Mont Saint-Michel","og_description":"Ask to be contacted by Les Portes Du Mont Saint-Michel, a catering and accommodation group including campsite, and 2 to 4 star hotel offers.","og_url":"https:\/\/www.le-mont-saint-michel.com\/en\/to-be-contacted-again\/","og_site_name":"Les portes du Mont Saint-Michel","article_modified_time":"2024-03-20T21:38:06+00:00","og_image":[{"width":1707,"height":2560,"url":"https:\/\/www.le-mont-saint-michel.com\/app\/uploads\/2024\/02\/alexandre-debieve-kyhkwp3dnli-unsplash-scaled.jpg","type":"image\/jpeg"}],"twitter_card":"summary_large_image","schema":{"@context":"https:\/\/schema.org","@graph":[{"@type":"WebPage","@id":"https:\/\/www.le-mont-saint-michel.com\/en\/to-be-contacted-again\/","url":"https:\/\/www.le-mont-saint-michel.com\/en\/to-be-contacted-again\/","name":"Be contacted again - The doors of Mont Saint-Michel","isPartOf":{"@id":"https:\/\/www.le-mont-saint-michel.com\/en\/#website"},"primaryImageOfPage":{"@id":"https:\/\/www.le-mont-saint-michel.com\/en\/to-be-contacted-again\/#primaryimage"},"image":{"@id":"https:\/\/www.le-mont-saint-michel.com\/en\/to-be-contacted-again\/#primaryimage"},"thumbnailUrl":"https:\/\/www.le-mont-saint-michel.com\/app\/uploads\/2024\/02\/alexandre-debieve-kyhkwp3dnli-unsplash-scaled.jpg","datePublished":"2024-02-15T09:32:07+00:00","dateModified":"2024-03-20T21:38:06+00:00","description":"Ask to be contacted by Les Portes Du Mont Saint-Michel, a catering and accommodation group including campsite, and 2 to 4 star hotel offers.","breadcrumb":{"@id":"https:\/\/www.le-mont-saint-michel.com\/en\/to-be-contacted-again\/#breadcrumb"},"inLanguage":"en-US","potentialAction":[{"@type":"ReadAction","target":["https:\/\/www.le-mont-saint-michel.com\/en\/to-be-contacted-again\/"]}]},{"@type":"ImageObject","inLanguage":"en-US","@id":"https:\/\/www.le-mont-saint-michel.com\/en\/to-be-contacted-again\/#primaryimage","url":"https:\/\/www.le-mont-saint-michel.com\/app\/uploads\/2024\/02\/alexandre-debieve-kyhkwp3dnli-unsplash-scaled.jpg","contentUrl":"https:\/\/www.le-mont-saint-michel.com\/app\/uploads\/2024\/02\/alexandre-debieve-kyhkwp3dnli-unsplash-scaled.jpg","width":1707,"height":2560,"caption":"Alexandre Debieve Kyhkwp3dnli Unsplash"},{"@type":"BreadcrumbList","@id":"https:\/\/www.le-mont-saint-michel.com\/en\/to-be-contacted-again\/#breadcrumb","itemListElement":[{"@type":"ListItem","position":1,"name":"Home","item":"https:\/\/www.le-mont-saint-michel.com\/en\/"},{"@type":"ListItem","position":2,"name":"To be contacted again"}]},{"@type":"WebSite","@id":"https:\/\/www.le-mont-saint-michel.com\/en\/#website","url":"https:\/\/www.le-mont-saint-michel.com\/en\/","name":"Les portes du Mont Saint-Michel","description":"L&#039;ecale merveilleuse","potentialAction":[{"@type":"SearchAction","target":{"@type":"EntryPoint","urlTemplate":"https:\/\/www.le-mont-saint-michel.com\/en\/?s={search_term_string}"},"query-input":{"@type":"PropertyValueSpecification","valueRequired":true,"valueName":"search_term_string"}}],"inLanguage":"en-US"}]}},"_links":{"self":[{"href":"https:\/\/www.le-mont-saint-michel.com\/en\/wp-json\/wp\/v2\/pages\/2087","targetHints":{"allow":["GET"]}}],"collection":[{"href":"https:\/\/www.le-mont-saint-michel.com\/en\/wp-json\/wp\/v2\/pages"}],"about":[{"href":"https:\/\/www.le-mont-saint-michel.com\/en\/wp-json\/wp\/v2\/types\/page"}],"author":[{"embeddable":true,"href":"https:\/\/www.le-mont-saint-michel.com\/en\/wp-json\/wp\/v2\/users\/1"}],"replies":[{"embeddable":true,"href":"https:\/\/www.le-mont-saint-michel.com\/en\/wp-json\/wp\/v2\/comments?post=2087"}],"version-history":[{"count":1,"href":"https:\/\/www.le-mont-saint-michel.com\/en\/wp-json\/wp\/v2\/pages\/2087\/revisions"}],"predecessor-version":[{"id":2088,"href":"https:\/\/www.le-mont-saint-michel.com\/en\/wp-json\/wp\/v2\/pages\/2087\/revisions\/2088"}],"wp:featuredmedia":[{"embeddable":true,"href":"https:\/\/www.le-mont-saint-michel.com\/en\/wp-json\/wp\/v2\/media\/1764"}],"wp:attachment":[{"href":"https:\/\/www.le-mont-saint-michel.com\/en\/wp-json\/wp\/v2\/media?parent=2087"}],"curies":[{"name":"wp","href":"https:\/\/api.w.org\/{rel}","templated":true}]}}